{"id":87,"date":"2015-10-22T03:17:26","date_gmt":"2015-10-22T03:17:26","guid":{"rendered":"http:\/\/demo.thimpress.com\/eduma\/?page_id=87"},"modified":"2025-12-22T00:55:06","modified_gmt":"2025-12-21T23:55:06","slug":"contact","status":"publish","type":"page","link":"https:\/\/chefamahri.com\/en\/contact\/","title":{"rendered":"CONTACT"},"content":{"rendered":"<div data-elementor-type=\"wp-post\" data-elementor-id=\"87\" class=\"elementor elementor-87\" data-elementor-post-type=\"page\">\n\t\t\t\t\t\t<section class=\"elementor-section elementor-top-section elementor-element elementor-element-ea408d8 elementor-section-stretched elementor-section-boxed elementor-section-height-default elementor-section-height-default\" data-id=\"ea408d8\" data-element_type=\"section\" data-e-type=\"section\" data-settings=\"{&quot;stretch_section&quot;:&quot;section-stretched&quot;}\">\n\t\t\t\t\t\t<div class=\"elementor-container elementor-column-gap-default\">\n\t\t\t\t\t<div class=\"elementor-column elementor-col-50 elementor-top-column elementor-element elementor-element-f548927\" data-id=\"f548927\" data-element_type=\"column\" data-e-type=\"column\">\n\t\t\t<div class=\"elementor-widget-wrap elementor-element-populated\">\n\t\t\t\t\t\t<div class=\"elementor-element elementor-element-afceb81 elementor-widget elementor-widget-thim-ekits-icon-box\" data-id=\"afceb81\" data-element_type=\"widget\" data-e-type=\"widget\" data-widget_type=\"thim-ekits-icon-box.default\">\n\t\t\t\t<div class=\"elementor-widget-container\">\n\t\t\t\t\t<div class=\"ekits-iconbox iconbox-left\"><div class=\"boxes-icon\"><a href=\"mailto:contact@chefamahri.com\"><svg xmlns=\"http:\/\/www.w3.org\/2000\/svg\" width=\"60\" height=\"60\" viewbox=\"0 0 60 60\" fill=\"none\"><g id=\"fluent:mail-28-regular\"><path id=\"Vector\" d=\"M13.392 10.7143H46.6063C48.3852 10.7142 50.0967 11.3948 51.3897 12.6164C52.6827 13.8381 53.4592 15.5083 53.5599 17.2843L53.5706 17.6786V42.3214C53.5707 44.1003 52.8901 45.8118 51.6684 47.1048C50.4468 48.3978 48.7766 49.1743 47.0006 49.275L46.6063 49.2857H13.392C11.6132 49.2858 9.90167 48.6052 8.60867 47.3836C7.31566 46.1619 6.53916 44.4917 6.43845 42.7157L6.42773 42.3214V17.6786C6.42762 15.8997 7.10821 14.1882 8.32989 12.8952C9.55157 11.6022 11.2217 10.8257 12.9977 10.725L13.392 10.7143ZM50.3563 23.3678L30.7406 33.5679C30.5506 33.6666 30.3428 33.7264 30.1293 33.7437C29.9159 33.761 29.7012 33.7354 29.4977 33.6686L29.2577 33.5679L9.64202 23.3678V42.3214C9.64206 43.2625 9.99596 44.1692 10.6335 44.8615C11.271 45.5538 12.1455 45.9811 13.0834 46.0586L13.392 46.0714H46.6063C47.5478 46.0713 48.4548 45.7171 49.1471 45.0792C49.8395 44.4412 50.2665 43.5662 50.3434 42.6278L50.3563 42.3214V23.3678ZM46.6063 13.9286H13.392C12.4509 13.9286 11.5442 14.2825 10.8519 14.92C10.1596 15.5575 9.73232 16.4321 9.65488 17.37L9.64202 17.6786V19.7443L29.9992 30.33L50.3563 19.7443V17.6786C50.3562 16.7371 50.002 15.8301 49.3641 15.1378C48.7261 14.4454 47.851 14.0184 46.9127 13.9414L46.6063 13.9286Z\" fill=\"white\"><\/path><\/g><\/svg><\/a><\/div><div class=\"content-inner thim-ekits-heading\"><h5 class=\"title\"><a href=\"mailto:contact@chefamahri.com\">eMAIL<\/a><\/h5><p class=\"sub-heading\"><a href=\"mailto:contact@chefamahri.com\">contact@chefamahri.com<\/a><\/p><\/div><\/div>\t\t\t\t<\/div>\n\t\t\t\t<\/div>\n\t\t\t\t<div class=\"elementor-element elementor-element-dd9be84 elementor-widget elementor-widget-thim-ekits-icon-box\" data-id=\"dd9be84\" data-element_type=\"widget\" data-e-type=\"widget\" data-widget_type=\"thim-ekits-icon-box.default\">\n\t\t\t\t<div class=\"elementor-widget-container\">\n\t\t\t\t\t<div class=\"ekits-iconbox iconbox-left\"><div class=\"boxes-icon\"><a href=\"tel:+212688574220\"><svg xmlns=\"http:\/\/www.w3.org\/2000\/svg\" width=\"61\" height=\"60\" viewbox=\"0 0 61 60\" fill=\"none\"><g id=\"ph:phone-light\"><path id=\"Vector\" d=\"M52.4352 37.5703L41.3633 32.6086C40.8617 32.3936 40.3143 32.3072 39.7708 32.3571C39.2273 32.4071 38.7049 32.5918 38.2508 32.8945C38.2047 32.9241 38.1609 32.957 38.1196 32.993L32.3328 37.9148C32.2728 37.9476 32.206 37.9659 32.1376 37.9683C32.0693 37.9708 32.0013 37.9573 31.9391 37.9289C28.2196 36.1336 24.3664 32.3039 22.5641 28.6359C22.5341 28.5746 22.5185 28.5073 22.5185 28.4391C22.5185 28.3708 22.5341 28.3035 22.5641 28.2422L27.5024 22.3828C27.5378 22.3395 27.5707 22.2941 27.6008 22.2469C27.8994 21.791 28.0797 21.268 28.1255 20.725C28.1714 20.182 28.0812 19.6362 27.8633 19.1367L22.9367 8.08359C22.657 7.43111 22.1731 6.88697 21.5578 6.53284C20.9425 6.1787 20.229 6.03368 19.5242 6.11953C16.4615 6.52218 13.6501 8.02626 11.6155 10.3507C9.58096 12.6751 8.46236 15.6609 8.46878 18.75C8.46878 37.1016 23.3985 52.0312 41.75 52.0312C44.839 52.0372 47.8245 50.9184 50.1488 48.8839C52.4731 46.8494 53.9774 44.0383 54.3805 40.9758C54.4662 40.2744 54.3231 39.564 53.9726 38.9504C53.6221 38.3368 53.0829 37.8528 52.4352 37.5703ZM41.75 49.2187C24.95 49.2187 11.2813 35.55 11.2813 18.75C11.2734 16.3451 12.1414 14.0197 13.7231 12.2081C15.3048 10.3966 17.4919 9.22286 19.8758 8.90625H19.9297C20.0242 8.90801 20.1159 8.93827 20.1928 8.99306C20.2698 9.04785 20.3284 9.12461 20.361 9.21328L25.3063 20.2547C25.3345 20.3161 25.3491 20.3828 25.3491 20.4504C25.3491 20.5179 25.3345 20.5847 25.3063 20.6461L20.3586 26.5195C20.3217 26.5615 20.288 26.6061 20.2578 26.6531C19.9482 27.1258 19.7659 27.6703 19.7286 28.2341C19.6912 28.7979 19.8 29.3617 20.0446 29.8711C22.1235 34.1273 26.4125 38.3836 30.7157 40.4625C31.228 40.7057 31.7946 40.8119 32.3602 40.7708C32.9258 40.7297 33.4712 40.5428 33.943 40.2281C33.9875 40.1977 34.0321 40.1648 34.0742 40.1297L39.8586 35.2078C39.9157 35.1771 39.9788 35.1591 40.0436 35.1551C40.1083 35.151 40.1731 35.161 40.2336 35.1844L51.3078 40.1461C51.3983 40.1846 51.4744 40.2506 51.5252 40.3347C51.5761 40.4188 51.5993 40.5168 51.5914 40.6148C51.2765 42.9999 50.1039 45.1886 48.2927 46.772C46.4815 48.3555 44.1558 49.2252 41.75 49.2187Z\" fill=\"white\"><\/path><\/g><\/svg><\/a><\/div><div class=\"content-inner thim-ekits-heading\"><h5 class=\"title\"><a href=\"tel:+212688574220\">CONTACT<\/a><\/h5><p class=\"sub-heading\"><a href=\"tel:+212668742063\">+212 668742063<\/a><\/p><\/div><\/div>\t\t\t\t<\/div>\n\t\t\t\t<\/div>\n\t\t\t\t\t<\/div>\n\t\t<\/div>\n\t\t\t\t<div class=\"elementor-column elementor-col-50 elementor-top-column elementor-element elementor-element-3f610ab\" data-id=\"3f610ab\" data-element_type=\"column\" data-e-type=\"column\" data-settings=\"{&quot;background_background&quot;:&quot;classic&quot;}\">\n\t\t\t<div class=\"elementor-widget-wrap elementor-element-populated\">\n\t\t\t\t\t\t<div class=\"elementor-element elementor-element-453d856 elementor-widget elementor-widget-thim-ekits-heading\" data-id=\"453d856\" data-element_type=\"widget\" data-e-type=\"widget\" data-widget_type=\"thim-ekits-heading.default\">\n\t\t\t\t<div class=\"elementor-widget-container\">\n\t\t\t\t\t<div class=\"thim-ekits-heading thim-ekit__heading\"><h3 class=\"title\">Pr\u00eat \u00e0 Explorer la P\u00e2tisserie ?<\/h3><p class=\"sub-heading\">Les champs obligatoires sont marqu\u00e9s d'un *<\/p><\/div>\t\t\t\t<\/div>\n\t\t\t\t<\/div>\n\t\t\t\t<div class=\"elementor-element elementor-element-2378a50 elementor-button-align-center elementor-widget elementor-widget-form\" data-id=\"2378a50\" data-element_type=\"widget\" data-e-type=\"widget\" data-settings=\"{&quot;step_next_label&quot;:&quot;Next&quot;,&quot;step_previous_label&quot;:&quot;Previous&quot;,&quot;button_width&quot;:&quot;100&quot;,&quot;step_type&quot;:&quot;number_text&quot;,&quot;step_icon_shape&quot;:&quot;circle&quot;}\" data-widget_type=\"form.default\">\n\t\t\t\t<div class=\"elementor-widget-container\">\n\t\t\t\t\t\t\t<form class=\"elementor-form\" method=\"post\" name=\"Contact form\" action=\"\">\n\t\t\t<input type=\"hidden\" name=\"post_id\" value=\"87\"\/>\n\t\t\t<input type=\"hidden\" name=\"form_id\" value=\"2378a50\"\/>\n\t\t\t<input type=\"hidden\" name=\"referer_title\" value=\"Contact - Chef Amahri | Cours &amp; Formations P\u00e2tisserie\" \/>\n\n\t\t\t\t\t\t\t<input type=\"hidden\" name=\"queried_id\" value=\"87\"\/>\n\t\t\t\n\t\t\t<div class=\"elementor-form-fields-wrapper elementor-labels-\">\n\t\t\t\t\t\t\t\t<div class=\"elementor-field-type-text elementor-field-group elementor-column elementor-field-group-name elementor-col-50 elementor-field-required\">\n\t\t\t\t\t\t\t\t\t\t\t\t<label for=\"form-field-name\" class=\"elementor-field-label elementor-screen-only\">\n\t\t\t\t\t\t\t\tNom complet\t\t\t\t\t\t\t<\/label>\n\t\t\t\t\t\t\t\t\t\t\t\t\t\t<input size=\"1\" type=\"text\" name=\"form_fields[name]\" id=\"form-field-name\" class=\"elementor-field elementor-size-sm  elementor-field-textual\" placeholder=\"Nom complet *\" required=\"required\" aria-required=\"true\">\n\t\t\t\t\t\t\t\t\t\t\t<\/div>\n\t\t\t\t\t\t\t\t<div class=\"elementor-field-type-tel elementor-field-group elementor-column elementor-field-group-field_56f82af elementor-col-50 elementor-field-required\">\n\t\t\t\t\t\t\t\t\t\t\t\t<label for=\"form-field-field_56f82af\" class=\"elementor-field-label elementor-screen-only\">\n\t\t\t\t\t\t\t\tNumero de t\u00e9l\u00e9phone\t\t\t\t\t\t\t<\/label>\n\t\t\t\t\t\t\t\t<input size=\"1\" type=\"tel\" name=\"form_fields[field_56f82af]\" id=\"form-field-field_56f82af\" class=\"elementor-field elementor-size-sm  elementor-field-textual\" placeholder=\"Num\u00e9ro de t\u00e9l\u00e9phone *\" required=\"required\" aria-required=\"true\" pattern=\"[0-9()#&amp;+*-=.]+\" title=\"Only numbers and phone characters (#, -, *, etc) are accepted.\" data-no-translation-title=\"\">\n\n\t\t\t\t\t\t<\/div>\n\t\t\t\t\t\t\t\t<div class=\"elementor-field-type-email elementor-field-group elementor-column elementor-field-group-email elementor-col-100 elementor-field-required\">\n\t\t\t\t\t\t\t\t\t\t\t\t<label for=\"form-field-email\" class=\"elementor-field-label elementor-screen-only\">\n\t\t\t\t\t\t\t\tEmail\t\t\t\t\t\t\t<\/label>\n\t\t\t\t\t\t\t\t\t\t\t\t\t\t<input size=\"1\" type=\"email\" name=\"form_fields[email]\" id=\"form-field-email\" class=\"elementor-field elementor-size-sm  elementor-field-textual\" placeholder=\"Email *\" required=\"required\" aria-required=\"true\">\n\t\t\t\t\t\t\t\t\t\t\t<\/div>\n\t\t\t\t\t\t\t\t<div class=\"elementor-field-type-textarea elementor-field-group elementor-column elementor-field-group-message elementor-col-100 elementor-field-required\">\n\t\t\t\t\t\t\t\t\t\t\t\t<label for=\"form-field-message\" class=\"elementor-field-label elementor-screen-only\">\n\t\t\t\t\t\t\t\tMessage\t\t\t\t\t\t\t<\/label>\n\t\t\t\t\t\t<textarea class=\"elementor-field-textual elementor-field  elementor-size-sm\" name=\"form_fields[message]\" id=\"form-field-message\" rows=\"4\" placeholder=\"Message *\" required=\"required\" aria-required=\"true\"><\/textarea>\t\t\t\t<\/div>\n\t\t\t\t\t\t\t\t<div class=\"elementor-field-type-text\">\n\t\t\t\t\t<input size=\"1\" type=\"text\" name=\"form_fields[field_4941828]\" id=\"form-field-field_4941828\" class=\"elementor-field elementor-size-sm\" style=\"display:none !important;\">\t\t\t\t<\/div>\n\t\t\t\t\t\t\t\t<div class=\"elementor-field-type-recaptcha_v3 elementor-field-group elementor-column elementor-field-group-field_712a4e2 elementor-col-100 recaptcha_v3-bottomright\">\n\t\t\t\t\t<div class=\"elementor-field\" id=\"form-field-field_712a4e2\"><div class=\"elementor-g-recaptcha\" data-sitekey=\"6Lc1t9cpAAAAALXubjlIg8SCwsWC3qVAFjn3F5dH\" data-type=\"v3\" data-action=\"Form\" data-badge=\"bottomright\" data-size=\"invisible\"><\/div><\/div>\t\t\t\t<\/div>\n\t\t\t\t\t\t\t\t<div class=\"elementor-field-group elementor-column elementor-field-type-submit elementor-col-100 e-form__buttons\">\n\t\t\t\t\t<button class=\"elementor-button elementor-size-sm\" type=\"submit\">\n\t\t\t\t\t\t<span class=\"elementor-button-content-wrapper\">\n\t\t\t\t\t\t\t\t\t\t\t\t\t\t\t<span class=\"elementor-button-icon\">\n\t\t\t\t\t\t\t\t\t<svg aria-hidden=\"true\" class=\"e-font-icon-svg e-far-envelope\" viewbox=\"0 0 512 512\" xmlns=\"http:\/\/www.w3.org\/2000\/svg\"><path d=\"M464 64H48C21.49 64 0 85.49 0 112v288c0 26.51 21.49 48 48 48h416c26.51 0 48-21.49 48-48V112c0-26.51-21.49-48-48-48zm0 48v40.805c-22.422 18.259-58.168 46.651-134.587 106.49-16.841 13.247-50.201 45.072-73.413 44.701-23.208.375-56.579-31.459-73.413-44.701C106.18 199.465 70.425 171.067 48 152.805V112h416zM48 400V214.398c22.914 18.251 55.409 43.862 104.938 82.646 21.857 17.205 60.134 55.186 103.062 54.955 42.717.231 80.509-37.199 103.053-54.947 49.528-38.783 82.032-64.401 104.947-82.653V400H48z\"><\/path><\/svg>\t\t\t\t\t\t\t\t\t\t\t\t\t\t\t\t\t<\/span>\n\t\t\t\t\t\t\t\t\t\t\t\t\t\t\t\t\t\t\t\t\t\t<span class=\"elementor-button-text\">Envoyer<\/span>\n\t\t\t\t\t\t\t\t\t\t\t\t\t<\/span>\n\t\t\t\t\t<\/button>\n\t\t\t\t<\/div>\n\t\t\t<\/div>\n\t\t<input type=\"hidden\" name=\"trp-form-language\" value=\"en\"\/><\/form>\n\t\t\t\t\t\t<\/div>\n\t\t\t\t<\/div>\n\t\t\t\t\t<\/div>\n\t\t<\/div>\n\t\t\t\t\t<\/div>\n\t\t<\/section>\n\t\t\t\t<\/div>","protected":false},"excerpt":{"rendered":"<p>eMAIL contact@chefamahri.com CONTACT +212 668742063 Pr\u00eat \u00e0 Explorer la P\u00e2tisserie ? Les champs obligatoires sont marqu\u00e9s d&rsquo;un *<\/p>","protected":false},"author":1,"featured_media":0,"parent":0,"menu_order":0,"comment_status":"closed","ping_status":"closed","template":"","meta":{"footnotes":""},"class_list":["post-87","page","type-page","status-publish","hentry"],"yoast_head":"<!-- This site is optimized with the Yoast SEO plugin v27.4 - https:\/\/yoast.com\/product\/yoast-seo-wordpress\/ -->\n<title>Contact - Chef Amahri | Cours &amp; Formations P\u00e2tisserie<\/title>\n<meta name=\"description\" content=\"Contactez Chef Amahri pour vous inscrire \u00e0 nos cours de p\u00e2tisserie. Informations, formations tous niveaux et accompagnement personnalis\u00e9.\" \/>\n<meta name=\"robots\" content=\"index, follow, max-snippet:-1, max-image-preview:large, max-video-preview:-1\" \/>\n<link rel=\"canonical\" href=\"https:\/\/chefamahri.com\/en\/contact\/\" \/>\n<meta property=\"og:locale\" content=\"en_US\" \/>\n<meta property=\"og:type\" content=\"article\" \/>\n<meta property=\"og:title\" content=\"Contact - Chef Amahri | Cours &amp; Formations P\u00e2tisserie\" \/>\n<meta property=\"og:description\" content=\"Contactez Chef Amahri pour vous inscrire \u00e0 nos cours de p\u00e2tisserie. Informations, formations tous niveaux et accompagnement personnalis\u00e9.\" \/>\n<meta property=\"og:url\" content=\"https:\/\/chefamahri.com\/en\/contact\/\" \/>\n<meta property=\"og:site_name\" content=\"Chef Amahri\" \/>\n<meta property=\"article:modified_time\" content=\"2025-12-21T23:55:06+00:00\" \/>\n<meta name=\"twitter:card\" content=\"summary_large_image\" \/>\n<meta name=\"twitter:label1\" content=\"Est. reading time\" \/>\n\t<meta name=\"twitter:data1\" content=\"1 minute\" \/>\n<script type=\"application\/ld+json\" class=\"yoast-schema-graph\">{\"@context\":\"https:\\\/\\\/schema.org\",\"@graph\":[{\"@type\":\"WebPage\",\"@id\":\"https:\\\/\\\/chefamahri.com\\\/contact\\\/\",\"url\":\"https:\\\/\\\/chefamahri.com\\\/contact\\\/\",\"name\":\"Contact - Chef Amahri | Cours & Formations P\u00e2tisserie\",\"isPartOf\":{\"@id\":\"https:\\\/\\\/chefamahri.com\\\/#website\"},\"datePublished\":\"2015-10-22T03:17:26+00:00\",\"dateModified\":\"2025-12-21T23:55:06+00:00\",\"description\":\"Contactez Chef Amahri pour vous inscrire \u00e0 nos cours de p\u00e2tisserie. Informations, formations tous niveaux et accompagnement personnalis\u00e9.\",\"breadcrumb\":{\"@id\":\"https:\\\/\\\/chefamahri.com\\\/contact\\\/#breadcrumb\"},\"inLanguage\":\"en-US\",\"potentialAction\":[{\"@type\":\"ReadAction\",\"target\":[\"https:\\\/\\\/chefamahri.com\\\/contact\\\/\"]}]},{\"@type\":\"BreadcrumbList\",\"@id\":\"https:\\\/\\\/chefamahri.com\\\/contact\\\/#breadcrumb\",\"itemListElement\":[{\"@type\":\"ListItem\",\"position\":1,\"name\":\"Accueil\",\"item\":\"https:\\\/\\\/chefamahri.com\\\/\"},{\"@type\":\"ListItem\",\"position\":2,\"name\":\"Contact\"}]},{\"@type\":\"WebSite\",\"@id\":\"https:\\\/\\\/chefamahri.com\\\/#website\",\"url\":\"https:\\\/\\\/chefamahri.com\\\/\",\"name\":\"Chef Amahri\",\"description\":\"\",\"publisher\":{\"@id\":\"https:\\\/\\\/chefamahri.com\\\/#organization\"},\"potentialAction\":[{\"@type\":\"SearchAction\",\"target\":{\"@type\":\"EntryPoint\",\"urlTemplate\":\"https:\\\/\\\/chefamahri.com\\\/?s={search_term_string}\"},\"query-input\":{\"@type\":\"PropertyValueSpecification\",\"valueRequired\":true,\"valueName\":\"search_term_string\"}}],\"inLanguage\":\"en-US\"},{\"@type\":\"Organization\",\"@id\":\"https:\\\/\\\/chefamahri.com\\\/#organization\",\"name\":\"Chef Amahri\",\"url\":\"https:\\\/\\\/chefamahri.com\\\/\",\"logo\":{\"@type\":\"ImageObject\",\"inLanguage\":\"en-US\",\"@id\":\"https:\\\/\\\/chefamahri.com\\\/#\\\/schema\\\/logo\\\/image\\\/\",\"url\":\"https:\\\/\\\/chefamahri.com\\\/wp-content\\\/uploads\\\/2021\\\/03\\\/Logo-Chef-Amahri@2x-e1715081079828.png\",\"contentUrl\":\"https:\\\/\\\/chefamahri.com\\\/wp-content\\\/uploads\\\/2021\\\/03\\\/Logo-Chef-Amahri@2x-e1715081079828.png\",\"width\":1040,\"height\":324,\"caption\":\"Chef Amahri\"},\"image\":{\"@id\":\"https:\\\/\\\/chefamahri.com\\\/#\\\/schema\\\/logo\\\/image\\\/\"}}]}<\/script>\n<!-- \/ Yoast SEO plugin. -->","yoast_head_json":{"title":"Contact - Chef Amahri | Cours & Formations P\u00e2tisserie","description":"Contactez Chef Amahri pour vous inscrire \u00e0 nos cours de p\u00e2tisserie. Informations, formations tous niveaux et accompagnement personnalis\u00e9.","robots":{"index":"index","follow":"follow","max-snippet":"max-snippet:-1","max-image-preview":"max-image-preview:large","max-video-preview":"max-video-preview:-1"},"canonical":"https:\/\/chefamahri.com\/en\/contact\/","og_locale":"en_US","og_type":"article","og_title":"Contact - Chef Amahri | Cours & Formations P\u00e2tisserie","og_description":"Contactez Chef Amahri pour vous inscrire \u00e0 nos cours de p\u00e2tisserie. Informations, formations tous niveaux et accompagnement personnalis\u00e9.","og_url":"https:\/\/chefamahri.com\/en\/contact\/","og_site_name":"Chef Amahri","article_modified_time":"2025-12-21T23:55:06+00:00","twitter_card":"summary_large_image","twitter_misc":{"Est. reading time":"1 minute"},"schema":{"@context":"https:\/\/schema.org","@graph":[{"@type":"WebPage","@id":"https:\/\/chefamahri.com\/contact\/","url":"https:\/\/chefamahri.com\/contact\/","name":"Contact - Chef Amahri | Cours & Formations P\u00e2tisserie","isPartOf":{"@id":"https:\/\/chefamahri.com\/#website"},"datePublished":"2015-10-22T03:17:26+00:00","dateModified":"2025-12-21T23:55:06+00:00","description":"Contactez Chef Amahri pour vous inscrire \u00e0 nos cours de p\u00e2tisserie. Informations, formations tous niveaux et accompagnement personnalis\u00e9.","breadcrumb":{"@id":"https:\/\/chefamahri.com\/contact\/#breadcrumb"},"inLanguage":"en-US","potentialAction":[{"@type":"ReadAction","target":["https:\/\/chefamahri.com\/contact\/"]}]},{"@type":"BreadcrumbList","@id":"https:\/\/chefamahri.com\/contact\/#breadcrumb","itemListElement":[{"@type":"ListItem","position":1,"name":"Accueil","item":"https:\/\/chefamahri.com\/"},{"@type":"ListItem","position":2,"name":"Contact"}]},{"@type":"WebSite","@id":"https:\/\/chefamahri.com\/#website","url":"https:\/\/chefamahri.com\/","name":"Chef Amahri","description":"","publisher":{"@id":"https:\/\/chefamahri.com\/#organization"},"potentialAction":[{"@type":"SearchAction","target":{"@type":"EntryPoint","urlTemplate":"https:\/\/chefamahri.com\/?s={search_term_string}"},"query-input":{"@type":"PropertyValueSpecification","valueRequired":true,"valueName":"search_term_string"}}],"inLanguage":"en-US"},{"@type":"Organization","@id":"https:\/\/chefamahri.com\/#organization","name":"Chef Amahri","url":"https:\/\/chefamahri.com\/","logo":{"@type":"ImageObject","inLanguage":"en-US","@id":"https:\/\/chefamahri.com\/#\/schema\/logo\/image\/","url":"https:\/\/chefamahri.com\/wp-content\/uploads\/2021\/03\/Logo-Chef-Amahri@2x-e1715081079828.png","contentUrl":"https:\/\/chefamahri.com\/wp-content\/uploads\/2021\/03\/Logo-Chef-Amahri@2x-e1715081079828.png","width":1040,"height":324,"caption":"Chef Amahri"},"image":{"@id":"https:\/\/chefamahri.com\/#\/schema\/logo\/image\/"}}]}},"_links":{"self":[{"href":"https:\/\/chefamahri.com\/en\/wp-json\/wp\/v2\/pages\/87","targetHints":{"allow":["GET"]}}],"collection":[{"href":"https:\/\/chefamahri.com\/en\/wp-json\/wp\/v2\/pages"}],"about":[{"href":"https:\/\/chefamahri.com\/en\/wp-json\/wp\/v2\/types\/page"}],"author":[{"embeddable":true,"href":"https:\/\/chefamahri.com\/en\/wp-json\/wp\/v2\/users\/1"}],"replies":[{"embeddable":true,"href":"https:\/\/chefamahri.com\/en\/wp-json\/wp\/v2\/comments?post=87"}],"version-history":[{"count":42,"href":"https:\/\/chefamahri.com\/en\/wp-json\/wp\/v2\/pages\/87\/revisions"}],"predecessor-version":[{"id":17298,"href":"https:\/\/chefamahri.com\/en\/wp-json\/wp\/v2\/pages\/87\/revisions\/17298"}],"wp:attachment":[{"href":"https:\/\/chefamahri.com\/en\/wp-json\/wp\/v2\/media?parent=87"}],"curies":[{"name":"wp","href":"https:\/\/api.w.org\/{rel}","templated":true}]}}